{"id":761,"date":"2019-02-16T20:18:42","date_gmt":"2019-02-16T17:18:42","guid":{"rendered":"http:\/\/ankayangin.com.tr\/?page_id=761"},"modified":"2019-02-17T00:31:22","modified_gmt":"2019-02-16T21:31:22","slug":"konvansiyonel-yangin-algilama-ve-alarm-sistemleri","status":"publish","type":"page","link":"http:\/\/ankayangin.com.tr\/index.php\/konvansiyonel-yangin-algilama-ve-alarm-sistemleri\/","title":{"rendered":"Konvansiyonel Yang\u0131n Alg\u0131lama ve Alarm Sistemleri"},"content":{"rendered":"\t\t<div data-elementor-type=\"wp-post\" data-elementor-id=\"761\" class=\"elementor elementor-761 elementor-bc-flex-widget\">\n\t\t\t\t\t\t<section class=\"elementor-section elementor-top-section elementor-element elementor-element-78c33c7 elementor-section-boxed elementor-section-height-default elementor-section-height-default\" data-id=\"78c33c7\" data-element_type=\"section\" data-e-type=\"section\">\n\t\t\t\t\t\t<div class=\"elementor-container elementor-column-gap-default\">\n\t\t\t\t\t<div class=\"elementor-column elementor-col-100 elementor-top-column elementor-element elementor-element-95ced4f\" data-id=\"95ced4f\" data-element_type=\"column\" data-e-type=\"column\">\n\t\t\t<div class=\"elementor-widget-wrap elementor-element-populated\">\n\t\t\t\t\t\t<div class=\"elementor-element elementor-element-6131ab8 elementor-arrows-position-inside elementor-pagination-position-outside elementor-invisible elementor-widget elementor-widget-image-carousel\" data-id=\"6131ab8\" data-element_type=\"widget\" data-e-type=\"widget\" data-settings=\"{&quot;slides_to_scroll&quot;:&quot;1&quot;,&quot;_animation&quot;:&quot;lightSpeedIn&quot;,&quot;navigation&quot;:&quot;both&quot;,&quot;autoplay&quot;:&quot;yes&quot;,&quot;pause_on_hover&quot;:&quot;yes&quot;,&quot;pause_on_interaction&quot;:&quot;yes&quot;,&quot;autoplay_speed&quot;:5000,&quot;infinite&quot;:&quot;yes&quot;,&quot;speed&quot;:500}\" data-widget_type=\"image-carousel.default\">\n\t\t\t\t<div class=\"elementor-widget-container\">\n\t\t\t\t\t\t\t<div class=\"elementor-image-carousel-wrapper swiper\" role=\"region\" aria-roledescription=\"carousel\" aria-label=\"Resim D\u00f6ng\u00fcs\u00fc\" dir=\"ltr\">\n\t\t\t<div class=\"elementor-image-carousel swiper-wrapper\" aria-live=\"off\">\n\t\t\t\t\t\t\t\t<div class=\"swiper-slide\" role=\"group\" aria-roledescription=\"slide\" aria-label=\"1 \/ 5\"><a data-elementor-open-lightbox=\"yes\" data-elementor-lightbox-slideshow=\"6131ab8\" data-elementor-lightbox-title=\"konvansiyonel-yangin-algilama-sondurme-sistemleri\" data-e-action-hash=\"#elementor-action%3Aaction%3Dlightbox%26settings%3DeyJpZCI6ODE1LCJ1cmwiOiJodHRwOlwvXC9hbmtheWFuZ2luLmNvbS50clwvd3AtY29udGVudFwvdXBsb2Fkc1wvMjAxOVwvMDJcL2tvbnZhbnNpeW9uZWwteWFuZ2luLWFsZ2lsYW1hLXNvbmR1cm1lLXNpc3RlbWxlcmkuanBnIiwic2xpZGVzaG93IjoiNjEzMWFiOCJ9\" href=\"http:\/\/ankayangin.com.tr\/wp-content\/uploads\/2019\/02\/konvansiyonel-yangin-algilama-sondurme-sistemleri.jpg\"><figure class=\"swiper-slide-inner\"><img decoding=\"async\" class=\"swiper-slide-image\" src=\"http:\/\/ankayangin.com.tr\/wp-content\/uploads\/2019\/02\/konvansiyonel-yangin-algilama-sondurme-sistemleri-300x239.jpg\" alt=\"konvansiyonel-yangin-algilama-sondurme-sistemleri\" \/><\/figure><\/a><\/div><div class=\"swiper-slide\" role=\"group\" aria-roledescription=\"slide\" aria-label=\"2 \/ 5\"><a data-elementor-open-lightbox=\"yes\" data-elementor-lightbox-slideshow=\"6131ab8\" data-elementor-lightbox-title=\"yangin-algilama-sistemleri-2-13-10-28-08-53-06\" data-e-action-hash=\"#elementor-action%3Aaction%3Dlightbox%26settings%3DeyJpZCI6ODE2LCJ1cmwiOiJodHRwOlwvXC9hbmtheWFuZ2luLmNvbS50clwvd3AtY29udGVudFwvdXBsb2Fkc1wvMjAxOVwvMDJcL3lhbmdpbi1hbGdpbGFtYS1zaXN0ZW1sZXJpLTItMTMtMTAtMjgtMDgtNTMtMDYuanBnIiwic2xpZGVzaG93IjoiNjEzMWFiOCJ9\" href=\"http:\/\/ankayangin.com.tr\/wp-content\/uploads\/2019\/02\/yangin-algilama-sistemleri-2-13-10-28-08-53-06.jpg\"><figure class=\"swiper-slide-inner\"><img decoding=\"async\" class=\"swiper-slide-image\" src=\"http:\/\/ankayangin.com.tr\/wp-content\/uploads\/2019\/02\/yangin-algilama-sistemleri-2-13-10-28-08-53-06-279x300.jpg\" alt=\"yangin-algilama-sistemleri-2-13-10-28-08-53-06\" \/><\/figure><\/a><\/div><div class=\"swiper-slide\" role=\"group\" aria-roledescription=\"slide\" aria-label=\"3 \/ 5\"><a data-elementor-open-lightbox=\"yes\" data-elementor-lightbox-slideshow=\"6131ab8\" data-elementor-lightbox-title=\"yangin-algilama-sistemleri-1-13-10-28-08-53-06\" data-e-action-hash=\"#elementor-action%3Aaction%3Dlightbox%26settings%3DeyJpZCI6ODE3LCJ1cmwiOiJodHRwOlwvXC9hbmtheWFuZ2luLmNvbS50clwvd3AtY29udGVudFwvdXBsb2Fkc1wvMjAxOVwvMDJcL3lhbmdpbi1hbGdpbGFtYS1zaXN0ZW1sZXJpLTEtMTMtMTAtMjgtMDgtNTMtMDYucG5nIiwic2xpZGVzaG93IjoiNjEzMWFiOCJ9\" href=\"http:\/\/ankayangin.com.tr\/wp-content\/uploads\/2019\/02\/yangin-algilama-sistemleri-1-13-10-28-08-53-06.png\"><figure class=\"swiper-slide-inner\"><img decoding=\"async\" class=\"swiper-slide-image\" src=\"http:\/\/ankayangin.com.tr\/wp-content\/uploads\/2019\/02\/yangin-algilama-sistemleri-1-13-10-28-08-53-06-300x225.png\" alt=\"yangin-algilama-sistemleri-1-13-10-28-08-53-06\" \/><\/figure><\/a><\/div><div class=\"swiper-slide\" role=\"group\" aria-roledescription=\"slide\" aria-label=\"4 \/ 5\"><a data-elementor-open-lightbox=\"yes\" data-elementor-lightbox-slideshow=\"6131ab8\" data-elementor-lightbox-title=\"yangin-panelleri-anka\" data-e-action-hash=\"#elementor-action%3Aaction%3Dlightbox%26settings%3DeyJpZCI6ODE0LCJ1cmwiOiJodHRwOlwvXC9hbmtheWFuZ2luLmNvbS50clwvd3AtY29udGVudFwvdXBsb2Fkc1wvMjAxOVwvMDJcL3lhbmdpbi1wYW5lbGxlcmktYW5rYS5qcGciLCJzbGlkZXNob3ciOiI2MTMxYWI4In0%3D\" href=\"http:\/\/ankayangin.com.tr\/wp-content\/uploads\/2019\/02\/yangin-panelleri-anka.jpg\"><figure class=\"swiper-slide-inner\"><img decoding=\"async\" class=\"swiper-slide-image\" src=\"http:\/\/ankayangin.com.tr\/wp-content\/uploads\/2019\/02\/yangin-panelleri-anka-300x166.jpg\" alt=\"yangin-panelleri-anka\" \/><\/figure><\/a><\/div><div class=\"swiper-slide\" role=\"group\" aria-roledescription=\"slide\" aria-label=\"5 \/ 5\"><a data-elementor-open-lightbox=\"yes\" data-elementor-lightbox-slideshow=\"6131ab8\" data-elementor-lightbox-title=\"yangin-panelleri-anka-\" data-e-action-hash=\"#elementor-action%3Aaction%3Dlightbox%26settings%3DeyJpZCI6ODEzLCJ1cmwiOiJodHRwOlwvXC9hbmtheWFuZ2luLmNvbS50clwvd3AtY29udGVudFwvdXBsb2Fkc1wvMjAxOVwvMDJcL3lhbmdpbi1wYW5lbGxlcmktYW5rYS0ucG5nIiwic2xpZGVzaG93IjoiNjEzMWFiOCJ9\" href=\"http:\/\/ankayangin.com.tr\/wp-content\/uploads\/2019\/02\/yangin-panelleri-anka-.png\"><figure class=\"swiper-slide-inner\"><img decoding=\"async\" class=\"swiper-slide-image\" src=\"http:\/\/ankayangin.com.tr\/wp-content\/uploads\/2019\/02\/yangin-panelleri-anka--300x185.png\" alt=\"yangin-panelleri-anka-\" \/><\/figure><\/a><\/div>\t\t\t<\/div>\n\t\t\t\t\t\t\t\t\t\t\t\t<div class=\"elementor-swiper-button elementor-swiper-button-prev\" role=\"button\" tabindex=\"0\">\n\t\t\t\t\t\t<i aria-hidden=\"true\" class=\"eicon-chevron-left\"><\/i>\t\t\t\t\t<\/div>\n\t\t\t\t\t<div class=\"elementor-swiper-button elementor-swiper-button-next\" role=\"button\" tabindex=\"0\">\n\t\t\t\t\t\t<i aria-hidden=\"true\" class=\"eicon-chevron-right\"><\/i>\t\t\t\t\t<\/div>\n\t\t\t\t\n\t\t\t\t\t\t\t\t\t<div class=\"swiper-pagination\"><\/div>\n\t\t\t\t\t\t\t\t\t<\/div>\n\t\t\t\t\t\t<\/div>\n\t\t\t\t<\/div>\n\t\t\t\t\t<\/div>\n\t\t<\/div>\n\t\t\t\t\t<\/div>\n\t\t<\/section>\n\t\t\t\t<section class=\"elementor-section elementor-top-section elementor-element elementor-element-7fff76ae elementor-section-boxed elementor-section-height-default elementor-section-height-default\" data-id=\"7fff76ae\" data-element_type=\"section\" data-e-type=\"section\">\n\t\t\t\t\t\t<div class=\"elementor-container elementor-column-gap-default\">\n\t\t\t\t\t<div class=\"elementor-column elementor-col-100 elementor-top-column elementor-element elementor-element-447881b1\" data-id=\"447881b1\" data-element_type=\"column\" data-e-type=\"column\">\n\t\t\t<div class=\"elementor-widget-wrap elementor-element-populated\">\n\t\t\t\t\t\t<div class=\"elementor-element elementor-element-66975c8e elementor-widget elementor-widget-text-editor\" data-id=\"66975c8e\" data-element_type=\"widget\" data-e-type=\"widget\" data-widget_type=\"text-editor.default\">\n\t\t\t\t<div class=\"elementor-widget-container\">\n\t\t\t\t\t\t\t\t\t\n<p>Konvansiyonel yang\u0131n alg\u0131lama sisteminde kullan\u0131lan markaya g\u00f6re bir b\u00f6lgede 20-30 aras\u0131nda eleman eklenebilir. Kullan\u0131lan panel ka\u00e7 b\u00f6lgeli ise toplan alg\u0131lama alan\u0131n\u0131 o kadar par\u00e7aya ay\u0131rarak yang\u0131n\u0131n alg\u0131land\u0131\u011f\u0131 k\u0131sm\u0131 b\u00f6lgesel de olsa anlayabiliriz. Fakat bir b\u00f6lgedeki detekt\u00f6rlerden hangisinin yang\u0131n\u0131 alg\u0131lad\u0131\u011f\u0131n\u0131 panel \u00fczerinde g\u00f6remeyiz. Alg\u0131layan dedekt\u00f6r\u00fcn \u00fczerindeki led yanar. Alarm panelimiz ka\u00e7 b\u00f6lgeliyse toplam alan\u0131 o kadar par\u00e7aya ay\u0131rabiliriz.<\/p>\n\n\n\n<p><strong>Konvansiyonel Yang\u0131n Alg\u0131lama Sistemi Kullan\u0131lan&nbsp;Malzemeler;<\/strong><\/p>\n\n\n\n<p> <strong>Konvansiyonel Yang\u0131n Alg\u0131lama Panelleri;<\/strong> Konvansiyonel yang\u0131n alg\u0131lama ve ihbar sistemlerinde alan\u0131n b\u00fcy\u00fckl\u00fc\u011f\u00fcne g\u00f6re Zone(B\u00f6lge-Alan) Say\u0131s\u0131 tespiti yap\u0131l\u0131p istenildi\u011fi Zone say\u0131s\u0131na sahip b\u00fcy\u00fckl\u00fckte yang\u0131n alg\u0131lama panelleri kurulabilir. Minimun 2 Zone Maksimum 24 Zone olmak \u00fczere \u00e7e\u015fitli yang\u0131n alg\u0131lama panelleri mevcuttur. Her sabit b\u00f6lge i\u00e7in maksimum dedekt\u00f6r say\u0131s\u0131 20 &#8211; 50&#8217;ye kadar ; 2 izlemeli siren \u00e7\u0131k\u0131\u015f\u0131; 1 &#8220;yang\u0131n&#8221; \u00e7\u0131k\u0131\u015f\u0131 ve 1 &#8220;hasar&#8221; \u00e7\u0131k\u0131\u015f\u0131; manuel test \u00f6zellikleri mevcut paneller kullan\u0131lmaktad\u0131r. <\/p>\n\n\n\n<p> <strong>Yang\u0131n Alarm Sistemleri Dedekt\u00f6rleri<\/strong> ; Dedekt\u00f6rler, konvansiyonel yang\u0131n alarm sistemleri i\u00e7in kullan\u0131labilen \u00e7e\u015fitli dedekt\u00f6rler mevcuttur. Bunlardan baz\u0131lar\u0131 ; BEAM dedekt\u00f6r\u00fc, Is Dedekt\u00f6r\u00fc, Duman Dedekt\u00f6r\u00fc (Optik Duman Dedekt\u00f6r\u00fc), Alev Dedekt\u00f6r\u00fc, Kombine (Hem Is\u0131 Hem Duman) \u015feklindedir. Ortam de\u011fi\u015fkenli\u011fine g\u00f6re Exproof, Waterproof gibi \u00f6zelliklere sahip dedekt\u00f6rler de kullan\u0131labilmektedir. <br>Optik duman dedekt\u00f6r\u00fcn\u00fcn \u00e7al\u0131\u015fma prensibi, duman par\u00e7ac\u0131klar\u0131n\u0131n duman haznesine girerek, hazne i\u00e7erisindeki k\u0131z\u0131l\u00f6tesi \u0131\u015f\u0131n\u0131n k\u0131r\u0131lmaya yol a\u00e7mas\u0131d\u0131r. Bu durum, fotoal\u0131c\u0131y\u0131 aktifle\u015ftirir ve dedekt\u00f6r yang\u0131n durumuna ge\u00e7er. Optik duman dedekt\u00f6r\u00fcn\u00fcn aktivasyon e\u015fik de\u011feri, \u00f6zel bir duman konsantrasyon seviyesine g\u00f6re fabrikadan ayarl\u0131d\u0131r. <\/p>\n\n\n\n<p> <br><strong>Yang\u0131n \u0130hbar Sistemleri Sirenleri&nbsp;Sirenleri;<\/strong> Konvansiyonel Sistemlerde kullan\u0131lacak olan yang\u0131n ihbar sirenleri fla\u015f\u00f6rl\u00fc &#8211; fla\u015f\u00f6rs\u00fcz olarak 2 grup alt\u0131nda toplanmaktad\u0131r. Haricen dedekt\u00f6rlerde de oldu\u011fu gibi Exproof, Waterproof gibi \u00f6zellikler de alan\u0131n durumuna g\u00f6re de\u011fi\u015fkenlik g\u00f6sterecek \u00f6zellikte olabilimektedir.<br>Sirenler genellikle 12 V ve 24 V olarak panel ba\u011flant\u0131s\u0131 ile ileti\u015fim kurmakta yang\u0131n alarm an\u0131nda ise enerjinin ula\u015fmas\u0131 ile alarm sesini duyurmaktad\u0131r.<br>Baz\u0131 durumlarda 220V. Y\u00fcksek Desibelli siren kullan\u0131lmas\u0131 gerekli oldu\u011fu alanlarda ise mevcut kontaklar ve r\u00f6leler sayesinde konvansiyonel sistemlerde kullan\u0131labilmektedir.<\/p>\n\n\n\n<p><\/p>\n\t\t\t\t\t\t\t\t<\/div>\n\t\t\t\t<\/div>\n\t\t\t\t\t<\/div>\n\t\t<\/div>\n\t\t\t\t\t<\/div>\n\t\t<\/section>\n\t\t\t\t<\/div>\n\t\t","protected":false},"excerpt":{"rendered":"<p>Konvansiyonel yang\u0131n alg\u0131lama sisteminde kullan\u0131lan markaya g\u00f6re bir b\u00f6lgede 20-30 aras\u0131nda eleman eklenebilir. Kullan\u0131lan panel ka\u00e7 b\u00f6lgeli ise toplan alg\u0131lama&hellip;<\/p>\n","protected":false},"author":1,"featured_media":0,"parent":0,"menu_order":0,"comment_status":"closed","ping_status":"closed","template":"","meta":{"footnotes":""},"class_list":["post-761","page","type-page","status-publish","hentry"],"_links":{"self":[{"href":"http:\/\/ankayangin.com.tr\/index.php\/wp-json\/wp\/v2\/pages\/761","targetHints":{"allow":["GET"]}}],"collection":[{"href":"http:\/\/ankayangin.com.tr\/index.php\/wp-json\/wp\/v2\/pages"}],"about":[{"href":"http:\/\/ankayangin.com.tr\/index.php\/wp-json\/wp\/v2\/types\/page"}],"author":[{"embeddable":true,"href":"http:\/\/ankayangin.com.tr\/index.php\/wp-json\/wp\/v2\/users\/1"}],"replies":[{"embeddable":true,"href":"http:\/\/ankayangin.com.tr\/index.php\/wp-json\/wp\/v2\/comments?post=761"}],"version-history":[{"count":4,"href":"http:\/\/ankayangin.com.tr\/index.php\/wp-json\/wp\/v2\/pages\/761\/revisions"}],"predecessor-version":[{"id":822,"href":"http:\/\/ankayangin.com.tr\/index.php\/wp-json\/wp\/v2\/pages\/761\/revisions\/822"}],"wp:attachment":[{"href":"http:\/\/ankayangin.com.tr\/index.php\/wp-json\/wp\/v2\/media?parent=761"}],"curies":[{"name":"wp","href":"https:\/\/api.w.org\/{rel}","templated":true}]}}